{"id":1540,"date":"2025-09-16T10:35:00","date_gmt":"2025-09-16T10:35:00","guid":{"rendered":"https:\/\/funville.myserverpk.plus\/?page_id=1540"},"modified":"2025-09-23T10:08:50","modified_gmt":"2025-09-23T10:08:50","slug":"evenements","status":"publish","type":"page","link":"https:\/\/funville.wpdeveloper.pk\/fr\/evenements\/","title":{"rendered":"\u00c9V\u00c9NEMENTS"},"content":{"rendered":"<div data-elementor-type=\"wp-page\" data-elementor-id=\"1540\" class=\"elementor elementor-1540\" data-elementor-post-type=\"page\">\n\t\t\t\t<div class=\"elementor-element elementor-element-be3f85c e-flex e-con-boxed e-con e-parent\" data-id=\"be3f85c\" data-element_type=\"container\">\n\t\t\t\t\t<div class=\"e-con-inner\">\n\t\t<div class=\"elementor-element elementor-element-149a4af e-con-full e-flex elementor-invisible e-con e-child\" data-id=\"149a4af\" data-element_type=\"container\" data-settings=\"{&quot;animation&quot;:&quot;fadeInLeft&quot;}\">\n\t\t\t\t<div class=\"elementor-element elementor-element-62ae879 animated-slow elementor-invisible elementor-widget elementor-widget-elementskit-heading\" data-id=\"62ae879\" data-element_type=\"widget\" data-settings=\"{&quot;_animation&quot;:&quot;fadeIn&quot;}\" data-widget_type=\"elementskit-heading.default\">\n\t\t\t\t<div class=\"elementor-widget-container\">\n\t\t\t\t\t<div class=\"ekit-wid-con\" ><div class=\"ekit-heading elementskit-section-title-wraper text_left   ekit_heading_tablet-   ekit_heading_mobile-text_center\"><h1 class=\"ekit-heading--title elementskit-section-title\">\u00c0 <span><span>FunVille<\/span><\/span>, le plaisir ne <span><span>s\u2019arr\u00eate<\/span><\/span> jamais !<\/h1><\/div><\/div>\t\t\t\t<\/div>\n\t\t\t\t<\/div>\n\t\t\t\t<div class=\"elementor-element elementor-element-2005b4a animated-slow elementor-invisible elementor-widget elementor-widget-text-editor\" data-id=\"2005b4a\" data-element_type=\"widget\" data-settings=\"{&quot;_animation&quot;:&quot;fadeIn&quot;,&quot;_animation_delay&quot;:500}\" data-widget_type=\"text-editor.default\">\n\t\t\t\t<div class=\"elementor-widget-container\">\n\t\t\t\t\t\t\t\t\t<p>Rejoignez-nous pour des \u00e9v\u00e9nements palpitants, des instants magiques et des \u00e9clats de rire sans fin. Chaque jour est une nouvelle aventure qui attend vos petites \u00e9toiles !<\/p>\t\t\t\t\t\t\t\t<\/div>\n\t\t\t\t<\/div>\n\t\t\t\t<div class=\"elementor-element elementor-element-cf37745 elementor-widget elementor-widget-button\" data-id=\"cf37745\" data-element_type=\"widget\" data-widget_type=\"button.default\">\n\t\t\t\t<div class=\"elementor-widget-container\">\n\t\t\t\t\t\t\t\t\t<div class=\"elementor-button-wrapper\">\n\t\t\t\t\t<a class=\"elementor-button elementor-button-link elementor-size-sm\" href=\"https:\/\/funville.wpdeveloper.pk\/fr\/your-fun-dates-for-the-coming-weeks\/\">\n\t\t\t\t\t\t<span class=\"elementor-button-content-wrapper\">\n\t\t\t\t\t\t\t\t\t<span class=\"elementor-button-text\">Voir nos \u00e9v\u00e9nements<\/span>\n\t\t\t\t\t<\/span>\n\t\t\t\t\t<\/a>\n\t\t\t\t<\/div>\n\t\t\t\t\t\t\t\t<\/div>\n\t\t\t\t<\/div>\n\t\t\t\t<div class=\"elementor-element elementor-element-dbd0a8c elementor-widget__width-initial e-transform e-transform elementor-invisible elementor-widget elementor-widget-image\" data-id=\"dbd0a8c\" data-element_type=\"widget\" data-settings=\"{&quot;motion_fx_motion_fx_scrolling&quot;:&quot;yes&quot;,&quot;motion_fx_translateX_effect&quot;:&quot;yes&quot;,&quot;motion_fx_translateX_direction&quot;:&quot;negative&quot;,&quot;motion_fx_translateX_speed&quot;:{&quot;unit&quot;:&quot;px&quot;,&quot;size&quot;:1.6,&quot;sizes&quot;:[]},&quot;motion_fx_motion_fx_mouse&quot;:&quot;yes&quot;,&quot;motion_fx_mouseTrack_effect&quot;:&quot;yes&quot;,&quot;motion_fx_mouseTrack_direction&quot;:&quot;negative&quot;,&quot;motion_fx_mouseTrack_speed&quot;:{&quot;unit&quot;:&quot;px&quot;,&quot;size&quot;:0.5,&quot;sizes&quot;:[]},&quot;_animation&quot;:&quot;fadeIn&quot;,&quot;_transform_rotateZ_effect&quot;:{&quot;unit&quot;:&quot;px&quot;,&quot;size&quot;:10,&quot;sizes&quot;:[]},&quot;_transform_translateX_effect&quot;:{&quot;unit&quot;:&quot;px&quot;,&quot;size&quot;:-75,&quot;sizes&quot;:[]},&quot;_transform_translateY_effect&quot;:{&quot;unit&quot;:&quot;px&quot;,&quot;size&quot;:-8,&quot;sizes&quot;:[]},&quot;motion_fx_translateX_affectedRange&quot;:{&quot;unit&quot;:&quot;%&quot;,&quot;size&quot;:&quot;&quot;,&quot;sizes&quot;:{&quot;start&quot;:0,&quot;end&quot;:100}},&quot;motion_fx_devices&quot;:[&quot;desktop&quot;,&quot;tablet&quot;,&quot;mobile&quot;],&quot;_transform_rotateZ_effect_tablet&quot;:{&quot;unit&quot;:&quot;deg&quot;,&quot;size&quot;:&quot;&quot;,&quot;sizes&quot;:[]},&quot;_transform_rotateZ_effect_mobile&quot;:{&quot;unit&quot;:&quot;deg&quot;,&quot;size&quot;:&quot;&quot;,&quot;sizes&quot;:[]},&quot;_transform_translateX_effect_tablet&quot;:{&quot;unit&quot;:&quot;px&quot;,&quot;size&quot;:&quot;&quot;,&quot;sizes&quot;:[]},&quot;_transform_translateX_effect_mobile&quot;:{&quot;unit&quot;:&quot;px&quot;,&quot;size&quot;:&quot;&quot;,&quot;sizes&quot;:[]},&quot;_transform_translateY_effect_tablet&quot;:{&quot;unit&quot;:&quot;px&quot;,&quot;size&quot;:&quot;&quot;,&quot;sizes&quot;:[]},&quot;_transform_translateY_effect_mobile&quot;:{&quot;unit&quot;:&quot;px&quot;,&quot;size&quot;:&quot;&quot;,&quot;sizes&quot;:[]}}\" data-widget_type=\"image.default\">\n\t\t\t\t<div class=\"elementor-widget-container\">\n\t\t\t\t\t\t\t\t\t\t\t\t\t\t\t<img fetchpriority=\"high\" decoding=\"async\" width=\"450\" height=\"450\" src=\"https:\/\/funville.wpdeveloper.pk\/wp-content\/uploads\/2025\/05\/amusement-park-3d-icon-download-in-png-blend-fbx-gltf-file-formats-carnival-fun-circus-pack-festival-days-icons-8092767.webp\" class=\"attachment-large size-large wp-image-633\" alt=\"\" srcset=\"https:\/\/funville.wpdeveloper.pk\/wp-content\/uploads\/2025\/05\/amusement-park-3d-icon-download-in-png-blend-fbx-gltf-file-formats-carnival-fun-circus-pack-festival-days-icons-8092767.webp 450w, https:\/\/funville.wpdeveloper.pk\/wp-content\/uploads\/2025\/05\/amusement-park-3d-icon-download-in-png-blend-fbx-gltf-file-formats-carnival-fun-circus-pack-festival-days-icons-8092767-300x300.webp 300w, https:\/\/funville.wpdeveloper.pk\/wp-content\/uploads\/2025\/05\/amusement-park-3d-icon-download-in-png-blend-fbx-gltf-file-formats-carnival-fun-circus-pack-festival-days-icons-8092767-150x150.webp 150w, https:\/\/funville.wpdeveloper.pk\/wp-content\/uploads\/2025\/05\/amusement-park-3d-icon-download-in-png-blend-fbx-gltf-file-formats-carnival-fun-circus-pack-festival-days-icons-8092767-12x12.webp 12w\" sizes=\"(max-width: 450px) 100vw, 450px\" \/>\t\t\t\t\t\t\t\t\t\t\t\t\t\t\t<\/div>\n\t\t\t\t<\/div>\n\t\t\t\t<\/div>\n\t\t<div class=\"elementor-element elementor-element-c163550 e-con-full e-flex e-con e-child\" data-id=\"c163550\" data-element_type=\"container\">\n\t\t\t\t<div class=\"elementor-element elementor-element-5dd8ec8 elementor-widget__width-initial e-transform e-transform elementor-widget elementor-widget-image\" data-id=\"5dd8ec8\" data-element_type=\"widget\" data-settings=\"{&quot;motion_fx_motion_fx_scrolling&quot;:&quot;yes&quot;,&quot;motion_fx_translateX_effect&quot;:&quot;yes&quot;,&quot;motion_fx_translateX_speed&quot;:{&quot;unit&quot;:&quot;px&quot;,&quot;size&quot;:1.6,&quot;sizes&quot;:[]},&quot;motion_fx_motion_fx_mouse&quot;:&quot;yes&quot;,&quot;motion_fx_mouseTrack_effect&quot;:&quot;yes&quot;,&quot;motion_fx_mouseTrack_direction&quot;:&quot;negative&quot;,&quot;motion_fx_mouseTrack_speed&quot;:{&quot;unit&quot;:&quot;px&quot;,&quot;size&quot;:0.5,&quot;sizes&quot;:[]},&quot;_transform_rotateZ_effect&quot;:{&quot;unit&quot;:&quot;px&quot;,&quot;size&quot;:15,&quot;sizes&quot;:[]},&quot;_transform_translateX_effect&quot;:{&quot;unit&quot;:&quot;px&quot;,&quot;size&quot;:65,&quot;sizes&quot;:[]},&quot;motion_fx_translateX_affectedRange&quot;:{&quot;unit&quot;:&quot;%&quot;,&quot;size&quot;:&quot;&quot;,&quot;sizes&quot;:{&quot;start&quot;:0,&quot;end&quot;:100}},&quot;motion_fx_devices&quot;:[&quot;desktop&quot;,&quot;tablet&quot;,&quot;mobile&quot;],&quot;_transform_rotateZ_effect_tablet&quot;:{&quot;unit&quot;:&quot;deg&quot;,&quot;size&quot;:&quot;&quot;,&quot;sizes&quot;:[]},&quot;_transform_rotateZ_effect_mobile&quot;:{&quot;unit&quot;:&quot;deg&quot;,&quot;size&quot;:&quot;&quot;,&quot;sizes&quot;:[]},&quot;_transform_translateX_effect_tablet&quot;:{&quot;unit&quot;:&quot;px&quot;,&quot;size&quot;:&quot;&quot;,&quot;sizes&quot;:[]},&quot;_transform_translateX_effect_mobile&quot;:{&quot;unit&quot;:&quot;px&quot;,&quot;size&quot;:&quot;&quot;,&quot;sizes&quot;:[]},&quot;_transform_translateY_effect&quot;:{&quot;unit&quot;:&quot;px&quot;,&quot;size&quot;:&quot;&quot;,&quot;sizes&quot;:[]},&quot;_transform_translateY_effect_tablet&quot;:{&quot;unit&quot;:&quot;px&quot;,&quot;size&quot;:&quot;&quot;,&quot;sizes&quot;:[]},&quot;_transform_translateY_effect_mobile&quot;:{&quot;unit&quot;:&quot;px&quot;,&quot;size&quot;:&quot;&quot;,&quot;sizes&quot;:[]}}\" data-widget_type=\"image.default\">\n\t\t\t\t<div class=\"elementor-widget-container\">\n\t\t\t\t\t\t\t\t\t\t\t\t\t\t\t<img decoding=\"async\" width=\"450\" height=\"450\" src=\"https:\/\/funville.wpdeveloper.pk\/wp-content\/uploads\/2025\/05\/circus-tent-3d-illustration-download-in-png-blend-fbx-gltf-file-formats-amusement-center-theme-park-entertainment-pack-illustrations-4015622.webp\" class=\"attachment-large size-large wp-image-638\" alt=\"\" srcset=\"https:\/\/funville.wpdeveloper.pk\/wp-content\/uploads\/2025\/05\/circus-tent-3d-illustration-download-in-png-blend-fbx-gltf-file-formats-amusement-center-theme-park-entertainment-pack-illustrations-4015622.webp 450w, https:\/\/funville.wpdeveloper.pk\/wp-content\/uploads\/2025\/05\/circus-tent-3d-illustration-download-in-png-blend-fbx-gltf-file-formats-amusement-center-theme-park-entertainment-pack-illustrations-4015622-300x300.webp 300w, https:\/\/funville.wpdeveloper.pk\/wp-content\/uploads\/2025\/05\/circus-tent-3d-illustration-download-in-png-blend-fbx-gltf-file-formats-amusement-center-theme-park-entertainment-pack-illustrations-4015622-150x150.webp 150w, https:\/\/funville.wpdeveloper.pk\/wp-content\/uploads\/2025\/05\/circus-tent-3d-illustration-download-in-png-blend-fbx-gltf-file-formats-amusement-center-theme-park-entertainment-pack-illustrations-4015622-12x12.webp 12w\" sizes=\"(max-width: 450px) 100vw, 450px\" \/>\t\t\t\t\t\t\t\t\t\t\t\t\t\t\t<\/div>\n\t\t\t\t<\/div>\n\t\t\t\t<div class=\"elementor-element elementor-element-550b399 elementor-invisible elementor-widget elementor-widget-image\" data-id=\"550b399\" data-element_type=\"widget\" data-settings=\"{&quot;_animation&quot;:&quot;fadeInRight&quot;}\" data-widget_type=\"image.default\">\n\t\t\t\t<div class=\"elementor-widget-container\">\n\t\t\t\t\t\t\t\t\t\t\t\t\t\t\t<img decoding=\"async\" width=\"2560\" height=\"1706\" src=\"https:\/\/funville.wpdeveloper.pk\/wp-content\/uploads\/2025\/09\/portrait-of-three-children-in-funny-costumes-stud-2024-10-21-14-06-35-utc-1-scaled.jpg\" class=\"attachment-full size-full wp-image-1689\" alt=\"\" srcset=\"https:\/\/funville.wpdeveloper.pk\/wp-content\/uploads\/2025\/09\/portrait-of-three-children-in-funny-costumes-stud-2024-10-21-14-06-35-utc-1-scaled.jpg 2560w, https:\/\/funville.wpdeveloper.pk\/wp-content\/uploads\/2025\/09\/portrait-of-three-children-in-funny-costumes-stud-2024-10-21-14-06-35-utc-1-300x200.jpg 300w, https:\/\/funville.wpdeveloper.pk\/wp-content\/uploads\/2025\/09\/portrait-of-three-children-in-funny-costumes-stud-2024-10-21-14-06-35-utc-1-1024x683.jpg 1024w, https:\/\/funville.wpdeveloper.pk\/wp-content\/uploads\/2025\/09\/portrait-of-three-children-in-funny-costumes-stud-2024-10-21-14-06-35-utc-1-768x512.jpg 768w, https:\/\/funville.wpdeveloper.pk\/wp-content\/uploads\/2025\/09\/portrait-of-three-children-in-funny-costumes-stud-2024-10-21-14-06-35-utc-1-1536x1024.jpg 1536w, https:\/\/funville.wpdeveloper.pk\/wp-content\/uploads\/2025\/09\/portrait-of-three-children-in-funny-costumes-stud-2024-10-21-14-06-35-utc-1-2048x1365.jpg 2048w, https:\/\/funville.wpdeveloper.pk\/wp-content\/uploads\/2025\/09\/portrait-of-three-children-in-funny-costumes-stud-2024-10-21-14-06-35-utc-1-18x12.jpg 18w\" sizes=\"(max-width: 2560px) 100vw, 2560px\" \/>\t\t\t\t\t\t\t\t\t\t\t\t\t\t\t<\/div>\n\t\t\t\t<\/div>\n\t\t\t\t<div class=\"elementor-element elementor-element-3fbf3c6 elementor-invisible elementor-widget elementor-widget-image\" data-id=\"3fbf3c6\" data-element_type=\"widget\" data-settings=\"{&quot;_animation&quot;:&quot;fadeInUp&quot;}\" data-widget_type=\"image.default\">\n\t\t\t\t<div class=\"elementor-widget-container\">\n\t\t\t\t\t\t\t\t\t\t\t\t\t\t\t<img loading=\"lazy\" decoding=\"async\" width=\"800\" height=\"533\" src=\"https:\/\/funville.wpdeveloper.pk\/wp-content\/uploads\/2025\/05\/happy-baby-girl-on-birthday-party-at-home-2024-09-28-00-44-10-utc-1024x682.jpg\" class=\"attachment-large size-large wp-image-57\" alt=\"\" srcset=\"https:\/\/funville.wpdeveloper.pk\/wp-content\/uploads\/2025\/05\/happy-baby-girl-on-birthday-party-at-home-2024-09-28-00-44-10-utc-1024x682.jpg 1024w, https:\/\/funville.wpdeveloper.pk\/wp-content\/uploads\/2025\/05\/happy-baby-girl-on-birthday-party-at-home-2024-09-28-00-44-10-utc-300x200.jpg 300w, https:\/\/funville.wpdeveloper.pk\/wp-content\/uploads\/2025\/05\/happy-baby-girl-on-birthday-party-at-home-2024-09-28-00-44-10-utc-768x512.jpg 768w, https:\/\/funville.wpdeveloper.pk\/wp-content\/uploads\/2025\/05\/happy-baby-girl-on-birthday-party-at-home-2024-09-28-00-44-10-utc-1536x1024.jpg 1536w, https:\/\/funville.wpdeveloper.pk\/wp-content\/uploads\/2025\/05\/happy-baby-girl-on-birthday-party-at-home-2024-09-28-00-44-10-utc.jpg 2000w\" sizes=\"(max-width: 800px) 100vw, 800px\" \/>\t\t\t\t\t\t\t\t\t\t\t\t\t\t\t<\/div>\n\t\t\t\t<\/div>\n\t\t\t\t<\/div>\n\t\t\t\t\t<\/div>\n\t\t\t\t<\/div>\n\t\t\t\t<\/div>","protected":false},"excerpt":{"rendered":"<p>\u00c0 FunVille, le plaisir ne s\u2019arr\u00eate jamais ! Rejoignez-nous pour des \u00e9v\u00e9nements palpitants, des instants magiques et des \u00e9clats de rire sans fin. Chaque jour est une nouvelle aventure qui attend vos petites \u00e9toiles ! Voir nos \u00e9v\u00e9nements<\/p>","protected":false},"author":2,"featured_media":0,"parent":0,"menu_order":0,"comment_status":"closed","ping_status":"closed","template":"elementor_header_footer","meta":{"footnotes":""},"class_list":["post-1540","page","type-page","status-publish","hentry"],"_links":{"self":[{"href":"https:\/\/funville.wpdeveloper.pk\/fr\/wp-json\/wp\/v2\/pages\/1540","targetHints":{"allow":["GET"]}}],"collection":[{"href":"https:\/\/funville.wpdeveloper.pk\/fr\/wp-json\/wp\/v2\/pages"}],"about":[{"href":"https:\/\/funville.wpdeveloper.pk\/fr\/wp-json\/wp\/v2\/types\/page"}],"author":[{"embeddable":true,"href":"https:\/\/funville.wpdeveloper.pk\/fr\/wp-json\/wp\/v2\/users\/2"}],"replies":[{"embeddable":true,"href":"https:\/\/funville.wpdeveloper.pk\/fr\/wp-json\/wp\/v2\/comments?post=1540"}],"version-history":[{"count":31,"href":"https:\/\/funville.wpdeveloper.pk\/fr\/wp-json\/wp\/v2\/pages\/1540\/revisions"}],"predecessor-version":[{"id":1709,"href":"https:\/\/funville.wpdeveloper.pk\/fr\/wp-json\/wp\/v2\/pages\/1540\/revisions\/1709"}],"wp:attachment":[{"href":"https:\/\/funville.wpdeveloper.pk\/fr\/wp-json\/wp\/v2\/media?parent=1540"}],"curies":[{"name":"wp","href":"https:\/\/api.w.org\/{rel}","templated":true}]}}