{"id":385,"date":"2025-05-21T11:24:11","date_gmt":"2025-05-21T11:24:11","guid":{"rendered":"https:\/\/funville.myserverpk.plus\/?page_id=385"},"modified":"2025-09-16T07:41:45","modified_gmt":"2025-09-16T07:41:45","slug":"halte-garderie","status":"publish","type":"page","link":"https:\/\/funville.wpdeveloper.pk\/fr\/halte-garderie\/","title":{"rendered":"HALTE-GARDERIE"},"content":{"rendered":"<div data-elementor-type=\"wp-page\" data-elementor-id=\"385\" class=\"elementor elementor-385\" data-elementor-post-type=\"page\">\n\t\t\t\t<div class=\"elementor-element elementor-element-51f6c76 e-flex e-con-boxed e-con e-parent\" data-id=\"51f6c76\" data-element_type=\"container\">\n\t\t\t\t\t<div class=\"e-con-inner\">\n\t\t<div class=\"elementor-element elementor-element-611ab0d e-con-full e-flex elementor-invisible e-con e-child\" data-id=\"611ab0d\" data-element_type=\"container\" data-settings=\"{&quot;animation&quot;:&quot;fadeInLeft&quot;}\">\n\t\t\t\t<div class=\"elementor-element elementor-element-f43feb8 animated-slow elementor-invisible elementor-widget elementor-widget-elementskit-heading\" data-id=\"f43feb8\" data-element_type=\"widget\" data-settings=\"{&quot;_animation&quot;:&quot;fadeIn&quot;}\" data-widget_type=\"elementskit-heading.default\">\n\t\t\t\t<div class=\"elementor-widget-container\">\n\t\t\t\t\t<div class=\"ekit-wid-con\" ><div class=\"ekit-heading elementskit-section-title-wraper text_left   ekit_heading_tablet-   ekit_heading_mobile-text_left\"><h1 class=\"ekit-heading--title elementskit-section-title\">Besoin <span><span>de  <\/span><\/span> souffler <\/h1><\/div><\/div>\t\t\t\t<\/div>\n\t\t\t\t<\/div>\n\t\t\t\t<div class=\"elementor-element elementor-element-5afc799 animated-slow elementor-invisible elementor-widget elementor-widget-text-editor\" data-id=\"5afc799\" data-element_type=\"widget\" data-settings=\"{&quot;_animation&quot;:&quot;fadeIn&quot;,&quot;_animation_delay&quot;:500}\" data-widget_type=\"text-editor.default\">\n\t\t\t\t<div class=\"elementor-widget-container\">\n\t\t\t\t\t\t\t\t\t<p>On garde vos enfants pendant que vous prenez du temps pour vous \u2014 courses, d\u00e9tente, travail ou pause bien m\u00e9rit\u00e9e. Simple, pratique, rassurant !<\/p><p>Offrez \u00e0 vos enfants un moment de jeu encadr\u00e9 pendant que vous profitez de votre temps en toute tranquillit\u00e9. Notre \u00e9quipe qualifi\u00e9e accueille les tout-petits (de 5 ans et +) dans un espace s\u00e9curis\u00e9, ludique et stimulant, con\u00e7u pour favoriser leur \u00e9veil et leur bien-\u00eatre<\/p>\t\t\t\t\t\t\t\t<\/div>\n\t\t\t\t<\/div>\n\t\t\t\t<div class=\"elementor-element elementor-element-b6587e3 elementor-mobile-align-justify elementor-widget elementor-widget-button\" data-id=\"b6587e3\" data-element_type=\"widget\" data-widget_type=\"button.default\">\n\t\t\t\t<div class=\"elementor-widget-container\">\n\t\t\t\t\t\t\t\t\t<div class=\"elementor-button-wrapper\">\n\t\t\t\t\t<a class=\"elementor-button elementor-button-link elementor-size-sm\" href=\"https:\/\/funville.wpdeveloper.pk\/fr\/schedules-and-prices\/\">\n\t\t\t\t\t\t<span class=\"elementor-button-content-wrapper\">\n\t\t\t\t\t\t\t\t\t<span class=\"elementor-button-text\">D\u00e9couvrez nos prix<\/span>\n\t\t\t\t\t<\/span>\n\t\t\t\t\t<\/a>\n\t\t\t\t<\/div>\n\t\t\t\t\t\t\t\t<\/div>\n\t\t\t\t<\/div>\n\t\t\t\t<div class=\"elementor-element elementor-element-58aa596 elementor-widget__width-initial e-transform e-transform elementor-invisible elementor-widget elementor-widget-image\" data-id=\"58aa596\" data-element_type=\"widget\" data-settings=\"{&quot;motion_fx_motion_fx_scrolling&quot;:&quot;yes&quot;,&quot;motion_fx_translateX_effect&quot;:&quot;yes&quot;,&quot;motion_fx_translateX_direction&quot;:&quot;negative&quot;,&quot;motion_fx_translateX_speed&quot;:{&quot;unit&quot;:&quot;px&quot;,&quot;size&quot;:1.6,&quot;sizes&quot;:[]},&quot;motion_fx_motion_fx_mouse&quot;:&quot;yes&quot;,&quot;motion_fx_mouseTrack_effect&quot;:&quot;yes&quot;,&quot;motion_fx_mouseTrack_direction&quot;:&quot;negative&quot;,&quot;motion_fx_mouseTrack_speed&quot;:{&quot;unit&quot;:&quot;px&quot;,&quot;size&quot;:0.5,&quot;sizes&quot;:[]},&quot;_animation&quot;:&quot;fadeIn&quot;,&quot;_transform_rotateZ_effect&quot;:{&quot;unit&quot;:&quot;px&quot;,&quot;size&quot;:10,&quot;sizes&quot;:[]},&quot;_transform_translateX_effect&quot;:{&quot;unit&quot;:&quot;px&quot;,&quot;size&quot;:-75,&quot;sizes&quot;:[]},&quot;_transform_translateY_effect&quot;:{&quot;unit&quot;:&quot;px&quot;,&quot;size&quot;:-8,&quot;sizes&quot;:[]},&quot;motion_fx_translateX_affectedRange&quot;:{&quot;unit&quot;:&quot;%&quot;,&quot;size&quot;:&quot;&quot;,&quot;sizes&quot;:{&quot;start&quot;:0,&quot;end&quot;:100}},&quot;motion_fx_devices&quot;:[&quot;desktop&quot;,&quot;tablet&quot;,&quot;mobile&quot;],&quot;_transform_rotateZ_effect_tablet&quot;:{&quot;unit&quot;:&quot;deg&quot;,&quot;size&quot;:&quot;&quot;,&quot;sizes&quot;:[]},&quot;_transform_rotateZ_effect_mobile&quot;:{&quot;unit&quot;:&quot;deg&quot;,&quot;size&quot;:&quot;&quot;,&quot;sizes&quot;:[]},&quot;_transform_translateX_effect_tablet&quot;:{&quot;unit&quot;:&quot;px&quot;,&quot;size&quot;:&quot;&quot;,&quot;sizes&quot;:[]},&quot;_transform_translateX_effect_mobile&quot;:{&quot;unit&quot;:&quot;px&quot;,&quot;size&quot;:&quot;&quot;,&quot;sizes&quot;:[]},&quot;_transform_translateY_effect_tablet&quot;:{&quot;unit&quot;:&quot;px&quot;,&quot;size&quot;:&quot;&quot;,&quot;sizes&quot;:[]},&quot;_transform_translateY_effect_mobile&quot;:{&quot;unit&quot;:&quot;px&quot;,&quot;size&quot;:&quot;&quot;,&quot;sizes&quot;:[]}}\" data-widget_type=\"image.default\">\n\t\t\t\t<div class=\"elementor-widget-container\">\n\t\t\t\t\t\t\t\t\t\t\t\t\t\t\t<img fetchpriority=\"high\" decoding=\"async\" width=\"450\" height=\"450\" src=\"https:\/\/funville.wpdeveloper.pk\/wp-content\/uploads\/2025\/05\/amusement-park-3d-icon-download-in-png-blend-fbx-gltf-file-formats-carnival-fun-circus-pack-festival-days-icons-8092767.webp\" class=\"attachment-large size-large wp-image-633\" alt=\"\" srcset=\"https:\/\/funville.wpdeveloper.pk\/wp-content\/uploads\/2025\/05\/amusement-park-3d-icon-download-in-png-blend-fbx-gltf-file-formats-carnival-fun-circus-pack-festival-days-icons-8092767.webp 450w, https:\/\/funville.wpdeveloper.pk\/wp-content\/uploads\/2025\/05\/amusement-park-3d-icon-download-in-png-blend-fbx-gltf-file-formats-carnival-fun-circus-pack-festival-days-icons-8092767-300x300.webp 300w, https:\/\/funville.wpdeveloper.pk\/wp-content\/uploads\/2025\/05\/amusement-park-3d-icon-download-in-png-blend-fbx-gltf-file-formats-carnival-fun-circus-pack-festival-days-icons-8092767-150x150.webp 150w, https:\/\/funville.wpdeveloper.pk\/wp-content\/uploads\/2025\/05\/amusement-park-3d-icon-download-in-png-blend-fbx-gltf-file-formats-carnival-fun-circus-pack-festival-days-icons-8092767-12x12.webp 12w\" sizes=\"(max-width: 450px) 100vw, 450px\" \/>\t\t\t\t\t\t\t\t\t\t\t\t\t\t\t<\/div>\n\t\t\t\t<\/div>\n\t\t\t\t<\/div>\n\t\t<div class=\"elementor-element elementor-element-52f6057 e-con-full e-flex e-con e-child\" data-id=\"52f6057\" data-element_type=\"container\">\n\t\t\t\t<div class=\"elementor-element elementor-element-63a8eed elementor-widget__width-initial e-transform e-transform elementor-widget elementor-widget-image\" data-id=\"63a8eed\" data-element_type=\"widget\" data-settings=\"{&quot;motion_fx_motion_fx_scrolling&quot;:&quot;yes&quot;,&quot;motion_fx_translateX_effect&quot;:&quot;yes&quot;,&quot;motion_fx_translateX_speed&quot;:{&quot;unit&quot;:&quot;px&quot;,&quot;size&quot;:1.6,&quot;sizes&quot;:[]},&quot;motion_fx_motion_fx_mouse&quot;:&quot;yes&quot;,&quot;motion_fx_mouseTrack_effect&quot;:&quot;yes&quot;,&quot;motion_fx_mouseTrack_direction&quot;:&quot;negative&quot;,&quot;motion_fx_mouseTrack_speed&quot;:{&quot;unit&quot;:&quot;px&quot;,&quot;size&quot;:0.5,&quot;sizes&quot;:[]},&quot;_transform_rotateZ_effect&quot;:{&quot;unit&quot;:&quot;px&quot;,&quot;size&quot;:15,&quot;sizes&quot;:[]},&quot;_transform_translateX_effect&quot;:{&quot;unit&quot;:&quot;px&quot;,&quot;size&quot;:65,&quot;sizes&quot;:[]},&quot;motion_fx_translateX_affectedRange&quot;:{&quot;unit&quot;:&quot;%&quot;,&quot;size&quot;:&quot;&quot;,&quot;sizes&quot;:{&quot;start&quot;:0,&quot;end&quot;:100}},&quot;motion_fx_devices&quot;:[&quot;desktop&quot;,&quot;tablet&quot;,&quot;mobile&quot;],&quot;_transform_rotateZ_effect_tablet&quot;:{&quot;unit&quot;:&quot;deg&quot;,&quot;size&quot;:&quot;&quot;,&quot;sizes&quot;:[]},&quot;_transform_rotateZ_effect_mobile&quot;:{&quot;unit&quot;:&quot;deg&quot;,&quot;size&quot;:&quot;&quot;,&quot;sizes&quot;:[]},&quot;_transform_translateX_effect_tablet&quot;:{&quot;unit&quot;:&quot;px&quot;,&quot;size&quot;:&quot;&quot;,&quot;sizes&quot;:[]},&quot;_transform_translateX_effect_mobile&quot;:{&quot;unit&quot;:&quot;px&quot;,&quot;size&quot;:&quot;&quot;,&quot;sizes&quot;:[]},&quot;_transform_translateY_effect&quot;:{&quot;unit&quot;:&quot;px&quot;,&quot;size&quot;:&quot;&quot;,&quot;sizes&quot;:[]},&quot;_transform_translateY_effect_tablet&quot;:{&quot;unit&quot;:&quot;px&quot;,&quot;size&quot;:&quot;&quot;,&quot;sizes&quot;:[]},&quot;_transform_translateY_effect_mobile&quot;:{&quot;unit&quot;:&quot;px&quot;,&quot;size&quot;:&quot;&quot;,&quot;sizes&quot;:[]}}\" data-widget_type=\"image.default\">\n\t\t\t\t<div class=\"elementor-widget-container\">\n\t\t\t\t\t\t\t\t\t\t\t\t\t\t\t<img decoding=\"async\" width=\"450\" height=\"450\" src=\"https:\/\/funville.wpdeveloper.pk\/wp-content\/uploads\/2025\/05\/circus-tent-3d-illustration-download-in-png-blend-fbx-gltf-file-formats-amusement-center-theme-park-entertainment-pack-illustrations-4015622.webp\" class=\"attachment-large size-large wp-image-638\" alt=\"\" srcset=\"https:\/\/funville.wpdeveloper.pk\/wp-content\/uploads\/2025\/05\/circus-tent-3d-illustration-download-in-png-blend-fbx-gltf-file-formats-amusement-center-theme-park-entertainment-pack-illustrations-4015622.webp 450w, https:\/\/funville.wpdeveloper.pk\/wp-content\/uploads\/2025\/05\/circus-tent-3d-illustration-download-in-png-blend-fbx-gltf-file-formats-amusement-center-theme-park-entertainment-pack-illustrations-4015622-300x300.webp 300w, https:\/\/funville.wpdeveloper.pk\/wp-content\/uploads\/2025\/05\/circus-tent-3d-illustration-download-in-png-blend-fbx-gltf-file-formats-amusement-center-theme-park-entertainment-pack-illustrations-4015622-150x150.webp 150w, https:\/\/funville.wpdeveloper.pk\/wp-content\/uploads\/2025\/05\/circus-tent-3d-illustration-download-in-png-blend-fbx-gltf-file-formats-amusement-center-theme-park-entertainment-pack-illustrations-4015622-12x12.webp 12w\" sizes=\"(max-width: 450px) 100vw, 450px\" \/>\t\t\t\t\t\t\t\t\t\t\t\t\t\t\t<\/div>\n\t\t\t\t<\/div>\n\t\t\t\t<div class=\"elementor-element elementor-element-87b18b6 elementor-invisible elementor-widget elementor-widget-image\" data-id=\"87b18b6\" data-element_type=\"widget\" data-settings=\"{&quot;_animation&quot;:&quot;fadeInRight&quot;}\" data-widget_type=\"image.default\">\n\t\t\t\t<div class=\"elementor-widget-container\">\n\t\t\t\t\t\t\t\t\t\t\t\t\t\t\t<img decoding=\"async\" width=\"700\" height=\"700\" src=\"https:\/\/funville.wpdeveloper.pk\/wp-content\/uploads\/2025\/05\/Testi4.jpg\" class=\"attachment-full size-full wp-image-86\" alt=\"\" srcset=\"https:\/\/funville.wpdeveloper.pk\/wp-content\/uploads\/2025\/05\/Testi4.jpg 700w, https:\/\/funville.wpdeveloper.pk\/wp-content\/uploads\/2025\/05\/Testi4-300x300.jpg 300w, https:\/\/funville.wpdeveloper.pk\/wp-content\/uploads\/2025\/05\/Testi4-150x150.jpg 150w\" sizes=\"(max-width: 700px) 100vw, 700px\" \/>\t\t\t\t\t\t\t\t\t\t\t\t\t\t\t<\/div>\n\t\t\t\t<\/div>\n\t\t\t\t<div class=\"elementor-element elementor-element-350a4da elementor-invisible elementor-widget elementor-widget-image\" data-id=\"350a4da\" data-element_type=\"widget\" data-settings=\"{&quot;_animation&quot;:&quot;fadeInUp&quot;}\" data-widget_type=\"image.default\">\n\t\t\t\t<div class=\"elementor-widget-container\">\n\t\t\t\t\t\t\t\t\t\t\t\t\t\t\t<img loading=\"lazy\" decoding=\"async\" width=\"800\" height=\"534\" src=\"https:\/\/funville.wpdeveloper.pk\/wp-content\/uploads\/2025\/05\/animator-with-happy-children-indoor-2024-09-15-13-47-47-utc-1024x684.jpg\" class=\"attachment-large size-large wp-image-54\" alt=\"\" srcset=\"https:\/\/funville.wpdeveloper.pk\/wp-content\/uploads\/2025\/05\/animator-with-happy-children-indoor-2024-09-15-13-47-47-utc-1024x684.jpg 1024w, https:\/\/funville.wpdeveloper.pk\/wp-content\/uploads\/2025\/05\/animator-with-happy-children-indoor-2024-09-15-13-47-47-utc-300x200.jpg 300w, https:\/\/funville.wpdeveloper.pk\/wp-content\/uploads\/2025\/05\/animator-with-happy-children-indoor-2024-09-15-13-47-47-utc-768x513.jpg 768w, https:\/\/funville.wpdeveloper.pk\/wp-content\/uploads\/2025\/05\/animator-with-happy-children-indoor-2024-09-15-13-47-47-utc-1536x1025.jpg 1536w, https:\/\/funville.wpdeveloper.pk\/wp-content\/uploads\/2025\/05\/animator-with-happy-children-indoor-2024-09-15-13-47-47-utc.jpg 2000w\" sizes=\"(max-width: 800px) 100vw, 800px\" \/>\t\t\t\t\t\t\t\t\t\t\t\t\t\t\t<\/div>\n\t\t\t\t<\/div>\n\t\t\t\t<\/div>\n\t\t\t\t\t<\/div>\n\t\t\t\t<\/div>\n\t\t\t\t<\/div>","protected":false},"excerpt":{"rendered":"<p>Besoin de souffler On garde vos enfants pendant que vous prenez du temps pour vous \u2014 courses, d\u00e9tente, travail ou pause bien m\u00e9rit\u00e9e. Simple, pratique, rassurant ! Offrez \u00e0 vos enfants un moment de jeu encadr\u00e9 pendant que vous profitez de votre temps en toute tranquillit\u00e9. Notre \u00e9quipe qualifi\u00e9e accueille les tout-petits (de 5 ans [&hellip;]<\/p>","protected":false},"author":1,"featured_media":0,"parent":0,"menu_order":0,"comment_status":"closed","ping_status":"closed","template":"elementor_header_footer","meta":{"footnotes":""},"class_list":["post-385","page","type-page","status-publish","hentry"],"_links":{"self":[{"href":"https:\/\/funville.wpdeveloper.pk\/fr\/wp-json\/wp\/v2\/pages\/385","targetHints":{"allow":["GET"]}}],"collection":[{"href":"https:\/\/funville.wpdeveloper.pk\/fr\/wp-json\/wp\/v2\/pages"}],"about":[{"href":"https:\/\/funville.wpdeveloper.pk\/fr\/wp-json\/wp\/v2\/types\/page"}],"author":[{"embeddable":true,"href":"https:\/\/funville.wpdeveloper.pk\/fr\/wp-json\/wp\/v2\/users\/1"}],"replies":[{"embeddable":true,"href":"https:\/\/funville.wpdeveloper.pk\/fr\/wp-json\/wp\/v2\/comments?post=385"}],"version-history":[{"count":11,"href":"https:\/\/funville.wpdeveloper.pk\/fr\/wp-json\/wp\/v2\/pages\/385\/revisions"}],"predecessor-version":[{"id":1441,"href":"https:\/\/funville.wpdeveloper.pk\/fr\/wp-json\/wp\/v2\/pages\/385\/revisions\/1441"}],"wp:attachment":[{"href":"https:\/\/funville.wpdeveloper.pk\/fr\/wp-json\/wp\/v2\/media?parent=385"}],"curies":[{"name":"wp","href":"https:\/\/api.w.org\/{rel}","templated":true}]}}