{"id":388,"date":"2025-05-21T11:24:34","date_gmt":"2025-05-21T11:24:34","guid":{"rendered":"https:\/\/funville.myserverpk.plus\/?page_id=388"},"modified":"2025-09-23T07:36:21","modified_gmt":"2025-09-23T07:36:21","slug":"jeux","status":"publish","type":"page","link":"https:\/\/funville.wpdeveloper.pk\/fr\/jeux\/","title":{"rendered":"JEUX"},"content":{"rendered":"<div data-elementor-type=\"wp-page\" data-elementor-id=\"388\" class=\"elementor elementor-388\" data-elementor-post-type=\"page\">\n\t\t\t\t<div class=\"elementor-element elementor-element-3ee3512 e-flex e-con-boxed e-con e-parent\" data-id=\"3ee3512\" data-element_type=\"container\" data-settings=\"{&quot;background_background&quot;:&quot;classic&quot;}\">\n\t\t\t\t\t<div class=\"e-con-inner\">\n\t\t<div class=\"elementor-element elementor-element-68b6afc e-con-full e-flex elementor-invisible e-con e-child\" data-id=\"68b6afc\" data-element_type=\"container\" data-settings=\"{&quot;animation&quot;:&quot;fadeInLeft&quot;}\">\n\t\t\t\t<div class=\"elementor-element elementor-element-29d77cf animated-slow elementor-invisible elementor-widget elementor-widget-elementskit-heading\" data-id=\"29d77cf\" data-element_type=\"widget\" data-settings=\"{&quot;_animation&quot;:&quot;fadeIn&quot;}\" data-widget_type=\"elementskit-heading.default\">\n\t\t\t\t<div class=\"elementor-widget-container\">\n\t\t\t\t\t<div class=\"ekit-wid-con\" ><div class=\"ekit-heading elementskit-section-title-wraper text_left   ekit_heading_tablet-   ekit_heading_mobile-text_left\"><h1 class=\"ekit-heading--title elementskit-section-title\">FunVille <span><span>l\u2019amusement <\/span><\/span> \u00e0 l\u2019\u00e9tat pur !<\/h1><\/div><\/div>\t\t\t\t<\/div>\n\t\t\t\t<\/div>\n\t\t\t\t<div class=\"elementor-element elementor-element-ca7cbb1 animated-slow elementor-invisible elementor-widget elementor-widget-text-editor\" data-id=\"ca7cbb1\" data-element_type=\"widget\" data-settings=\"{&quot;_animation&quot;:&quot;fadeIn&quot;,&quot;_animation_delay&quot;:500}\" data-widget_type=\"text-editor.default\">\n\t\t\t\t<div class=\"elementor-widget-container\">\n\t\t\t\t\t\t\t\t\t<p>Jeux, rires, gourmandises \u2014 chaque coin est une aventure. Bien plus qu\u2019un centre, c\u2019est un monde magique o\u00f9 les enfants s\u2019\u00e9clatent et les sourires fusent.<\/p>\t\t\t\t\t\t\t\t<\/div>\n\t\t\t\t<\/div>\n\t\t\t\t<div class=\"elementor-element elementor-element-41f5834 elementor-mobile-align-justify elementor-widget elementor-widget-button\" data-id=\"41f5834\" data-element_type=\"widget\" data-widget_type=\"button.default\">\n\t\t\t\t<div class=\"elementor-widget-container\">\n\t\t\t\t\t\t\t\t\t<div class=\"elementor-button-wrapper\">\n\t\t\t\t\t<a class=\"elementor-button elementor-button-link elementor-size-sm\" href=\"https:\/\/funville.wpdeveloper.pk\/fr\/schedules-and-prices\/\">\n\t\t\t\t\t\t<span class=\"elementor-button-content-wrapper\">\n\t\t\t\t\t\t\t\t\t<span class=\"elementor-button-text\">D\u00e9couvrez nos prix<\/span>\n\t\t\t\t\t<\/span>\n\t\t\t\t\t<\/a>\n\t\t\t\t<\/div>\n\t\t\t\t\t\t\t\t<\/div>\n\t\t\t\t<\/div>\n\t\t\t\t<div class=\"elementor-element elementor-element-5c89d1a elementor-widget__width-initial e-transform e-transform elementor-invisible elementor-widget elementor-widget-image\" data-id=\"5c89d1a\" data-element_type=\"widget\" data-settings=\"{&quot;motion_fx_motion_fx_scrolling&quot;:&quot;yes&quot;,&quot;motion_fx_translateX_effect&quot;:&quot;yes&quot;,&quot;motion_fx_translateX_direction&quot;:&quot;negative&quot;,&quot;motion_fx_translateX_speed&quot;:{&quot;unit&quot;:&quot;px&quot;,&quot;size&quot;:1.6,&quot;sizes&quot;:[]},&quot;motion_fx_motion_fx_mouse&quot;:&quot;yes&quot;,&quot;motion_fx_mouseTrack_effect&quot;:&quot;yes&quot;,&quot;motion_fx_mouseTrack_direction&quot;:&quot;negative&quot;,&quot;motion_fx_mouseTrack_speed&quot;:{&quot;unit&quot;:&quot;px&quot;,&quot;size&quot;:0.5,&quot;sizes&quot;:[]},&quot;_animation&quot;:&quot;fadeIn&quot;,&quot;_transform_rotateZ_effect&quot;:{&quot;unit&quot;:&quot;px&quot;,&quot;size&quot;:10,&quot;sizes&quot;:[]},&quot;_transform_translateX_effect&quot;:{&quot;unit&quot;:&quot;px&quot;,&quot;size&quot;:-75,&quot;sizes&quot;:[]},&quot;_transform_translateY_effect&quot;:{&quot;unit&quot;:&quot;px&quot;,&quot;size&quot;:-8,&quot;sizes&quot;:[]},&quot;motion_fx_translateX_affectedRange&quot;:{&quot;unit&quot;:&quot;%&quot;,&quot;size&quot;:&quot;&quot;,&quot;sizes&quot;:{&quot;start&quot;:0,&quot;end&quot;:100}},&quot;motion_fx_devices&quot;:[&quot;desktop&quot;,&quot;tablet&quot;,&quot;mobile&quot;],&quot;_transform_rotateZ_effect_tablet&quot;:{&quot;unit&quot;:&quot;deg&quot;,&quot;size&quot;:&quot;&quot;,&quot;sizes&quot;:[]},&quot;_transform_rotateZ_effect_mobile&quot;:{&quot;unit&quot;:&quot;deg&quot;,&quot;size&quot;:&quot;&quot;,&quot;sizes&quot;:[]},&quot;_transform_translateX_effect_tablet&quot;:{&quot;unit&quot;:&quot;px&quot;,&quot;size&quot;:&quot;&quot;,&quot;sizes&quot;:[]},&quot;_transform_translateX_effect_mobile&quot;:{&quot;unit&quot;:&quot;px&quot;,&quot;size&quot;:&quot;&quot;,&quot;sizes&quot;:[]},&quot;_transform_translateY_effect_tablet&quot;:{&quot;unit&quot;:&quot;px&quot;,&quot;size&quot;:&quot;&quot;,&quot;sizes&quot;:[]},&quot;_transform_translateY_effect_mobile&quot;:{&quot;unit&quot;:&quot;px&quot;,&quot;size&quot;:&quot;&quot;,&quot;sizes&quot;:[]}}\" data-widget_type=\"image.default\">\n\t\t\t\t<div class=\"elementor-widget-container\">\n\t\t\t\t\t\t\t\t\t\t\t\t\t\t\t<img fetchpriority=\"high\" decoding=\"async\" width=\"450\" height=\"450\" src=\"https:\/\/funville.wpdeveloper.pk\/wp-content\/uploads\/2025\/05\/amusement-park-3d-icon-download-in-png-blend-fbx-gltf-file-formats-carnival-fun-circus-pack-festival-days-icons-8092767.webp\" class=\"attachment-large size-large wp-image-633\" alt=\"\" srcset=\"https:\/\/funville.wpdeveloper.pk\/wp-content\/uploads\/2025\/05\/amusement-park-3d-icon-download-in-png-blend-fbx-gltf-file-formats-carnival-fun-circus-pack-festival-days-icons-8092767.webp 450w, https:\/\/funville.wpdeveloper.pk\/wp-content\/uploads\/2025\/05\/amusement-park-3d-icon-download-in-png-blend-fbx-gltf-file-formats-carnival-fun-circus-pack-festival-days-icons-8092767-300x300.webp 300w, https:\/\/funville.wpdeveloper.pk\/wp-content\/uploads\/2025\/05\/amusement-park-3d-icon-download-in-png-blend-fbx-gltf-file-formats-carnival-fun-circus-pack-festival-days-icons-8092767-150x150.webp 150w, https:\/\/funville.wpdeveloper.pk\/wp-content\/uploads\/2025\/05\/amusement-park-3d-icon-download-in-png-blend-fbx-gltf-file-formats-carnival-fun-circus-pack-festival-days-icons-8092767-12x12.webp 12w\" sizes=\"(max-width: 450px) 100vw, 450px\" \/>\t\t\t\t\t\t\t\t\t\t\t\t\t\t\t<\/div>\n\t\t\t\t<\/div>\n\t\t\t\t<\/div>\n\t\t<div class=\"elementor-element elementor-element-e129eff e-con-full e-flex e-con e-child\" data-id=\"e129eff\" data-element_type=\"container\">\n\t\t\t\t<div class=\"elementor-element elementor-element-0eeead6 elementor-widget__width-initial e-transform e-transform elementor-widget elementor-widget-image\" data-id=\"0eeead6\" data-element_type=\"widget\" data-settings=\"{&quot;motion_fx_motion_fx_scrolling&quot;:&quot;yes&quot;,&quot;motion_fx_translateX_effect&quot;:&quot;yes&quot;,&quot;motion_fx_translateX_speed&quot;:{&quot;unit&quot;:&quot;px&quot;,&quot;size&quot;:1.6,&quot;sizes&quot;:[]},&quot;motion_fx_motion_fx_mouse&quot;:&quot;yes&quot;,&quot;motion_fx_mouseTrack_effect&quot;:&quot;yes&quot;,&quot;motion_fx_mouseTrack_direction&quot;:&quot;negative&quot;,&quot;motion_fx_mouseTrack_speed&quot;:{&quot;unit&quot;:&quot;px&quot;,&quot;size&quot;:0.5,&quot;sizes&quot;:[]},&quot;_transform_rotateZ_effect&quot;:{&quot;unit&quot;:&quot;px&quot;,&quot;size&quot;:15,&quot;sizes&quot;:[]},&quot;_transform_translateX_effect&quot;:{&quot;unit&quot;:&quot;px&quot;,&quot;size&quot;:65,&quot;sizes&quot;:[]},&quot;motion_fx_translateX_affectedRange&quot;:{&quot;unit&quot;:&quot;%&quot;,&quot;size&quot;:&quot;&quot;,&quot;sizes&quot;:{&quot;start&quot;:0,&quot;end&quot;:100}},&quot;motion_fx_devices&quot;:[&quot;desktop&quot;,&quot;tablet&quot;,&quot;mobile&quot;],&quot;_transform_rotateZ_effect_tablet&quot;:{&quot;unit&quot;:&quot;deg&quot;,&quot;size&quot;:&quot;&quot;,&quot;sizes&quot;:[]},&quot;_transform_rotateZ_effect_mobile&quot;:{&quot;unit&quot;:&quot;deg&quot;,&quot;size&quot;:&quot;&quot;,&quot;sizes&quot;:[]},&quot;_transform_translateX_effect_tablet&quot;:{&quot;unit&quot;:&quot;px&quot;,&quot;size&quot;:&quot;&quot;,&quot;sizes&quot;:[]},&quot;_transform_translateX_effect_mobile&quot;:{&quot;unit&quot;:&quot;px&quot;,&quot;size&quot;:&quot;&quot;,&quot;sizes&quot;:[]},&quot;_transform_translateY_effect&quot;:{&quot;unit&quot;:&quot;px&quot;,&quot;size&quot;:&quot;&quot;,&quot;sizes&quot;:[]},&quot;_transform_translateY_effect_tablet&quot;:{&quot;unit&quot;:&quot;px&quot;,&quot;size&quot;:&quot;&quot;,&quot;sizes&quot;:[]},&quot;_transform_translateY_effect_mobile&quot;:{&quot;unit&quot;:&quot;px&quot;,&quot;size&quot;:&quot;&quot;,&quot;sizes&quot;:[]}}\" data-widget_type=\"image.default\">\n\t\t\t\t<div class=\"elementor-widget-container\">\n\t\t\t\t\t\t\t\t\t\t\t\t\t\t\t<img decoding=\"async\" width=\"450\" height=\"450\" src=\"https:\/\/funville.wpdeveloper.pk\/wp-content\/uploads\/2025\/05\/circus-tent-3d-illustration-download-in-png-blend-fbx-gltf-file-formats-amusement-center-theme-park-entertainment-pack-illustrations-4015622.webp\" class=\"attachment-large size-large wp-image-638\" alt=\"\" srcset=\"https:\/\/funville.wpdeveloper.pk\/wp-content\/uploads\/2025\/05\/circus-tent-3d-illustration-download-in-png-blend-fbx-gltf-file-formats-amusement-center-theme-park-entertainment-pack-illustrations-4015622.webp 450w, https:\/\/funville.wpdeveloper.pk\/wp-content\/uploads\/2025\/05\/circus-tent-3d-illustration-download-in-png-blend-fbx-gltf-file-formats-amusement-center-theme-park-entertainment-pack-illustrations-4015622-300x300.webp 300w, https:\/\/funville.wpdeveloper.pk\/wp-content\/uploads\/2025\/05\/circus-tent-3d-illustration-download-in-png-blend-fbx-gltf-file-formats-amusement-center-theme-park-entertainment-pack-illustrations-4015622-150x150.webp 150w, https:\/\/funville.wpdeveloper.pk\/wp-content\/uploads\/2025\/05\/circus-tent-3d-illustration-download-in-png-blend-fbx-gltf-file-formats-amusement-center-theme-park-entertainment-pack-illustrations-4015622-12x12.webp 12w\" sizes=\"(max-width: 450px) 100vw, 450px\" \/>\t\t\t\t\t\t\t\t\t\t\t\t\t\t\t<\/div>\n\t\t\t\t<\/div>\n\t\t\t\t<div class=\"elementor-element elementor-element-75f3c13 elementor-invisible elementor-widget elementor-widget-image\" data-id=\"75f3c13\" data-element_type=\"widget\" data-settings=\"{&quot;_animation&quot;:&quot;fadeInRight&quot;}\" data-widget_type=\"image.default\">\n\t\t\t\t<div class=\"elementor-widget-container\">\n\t\t\t\t\t\t\t\t\t\t\t\t\t\t\t<img decoding=\"async\" width=\"700\" height=\"700\" src=\"https:\/\/funville.wpdeveloper.pk\/wp-content\/uploads\/2025\/05\/Testi4.jpg\" class=\"attachment-full size-full wp-image-86\" alt=\"\" srcset=\"https:\/\/funville.wpdeveloper.pk\/wp-content\/uploads\/2025\/05\/Testi4.jpg 700w, https:\/\/funville.wpdeveloper.pk\/wp-content\/uploads\/2025\/05\/Testi4-300x300.jpg 300w, https:\/\/funville.wpdeveloper.pk\/wp-content\/uploads\/2025\/05\/Testi4-150x150.jpg 150w\" sizes=\"(max-width: 700px) 100vw, 700px\" \/>\t\t\t\t\t\t\t\t\t\t\t\t\t\t\t<\/div>\n\t\t\t\t<\/div>\n\t\t\t\t<div class=\"elementor-element elementor-element-65de603 elementor-invisible elementor-widget elementor-widget-image\" data-id=\"65de603\" data-element_type=\"widget\" data-settings=\"{&quot;_animation&quot;:&quot;fadeInUp&quot;}\" data-widget_type=\"image.default\">\n\t\t\t\t<div class=\"elementor-widget-container\">\n\t\t\t\t\t\t\t\t\t\t\t\t\t\t\t<img loading=\"lazy\" decoding=\"async\" width=\"800\" height=\"534\" src=\"https:\/\/funville.wpdeveloper.pk\/wp-content\/uploads\/2025\/05\/animator-with-happy-children-indoor-2024-09-15-13-47-47-utc-1024x684.jpg\" class=\"attachment-large size-large wp-image-54\" alt=\"\" srcset=\"https:\/\/funville.wpdeveloper.pk\/wp-content\/uploads\/2025\/05\/animator-with-happy-children-indoor-2024-09-15-13-47-47-utc-1024x684.jpg 1024w, https:\/\/funville.wpdeveloper.pk\/wp-content\/uploads\/2025\/05\/animator-with-happy-children-indoor-2024-09-15-13-47-47-utc-300x200.jpg 300w, https:\/\/funville.wpdeveloper.pk\/wp-content\/uploads\/2025\/05\/animator-with-happy-children-indoor-2024-09-15-13-47-47-utc-768x513.jpg 768w, https:\/\/funville.wpdeveloper.pk\/wp-content\/uploads\/2025\/05\/animator-with-happy-children-indoor-2024-09-15-13-47-47-utc-1536x1025.jpg 1536w, https:\/\/funville.wpdeveloper.pk\/wp-content\/uploads\/2025\/05\/animator-with-happy-children-indoor-2024-09-15-13-47-47-utc.jpg 2000w\" sizes=\"(max-width: 800px) 100vw, 800px\" \/>\t\t\t\t\t\t\t\t\t\t\t\t\t\t\t<\/div>\n\t\t\t\t<\/div>\n\t\t\t\t<\/div>\n\t\t\t\t\t<\/div>\n\t\t\t\t<\/div>\n\t\t<div class=\"elementor-element elementor-element-1128d4b e-flex e-con-boxed e-con e-parent\" data-id=\"1128d4b\" data-element_type=\"container\">\n\t\t\t\t\t<div class=\"e-con-inner\">\n\t\t\t\t<div class=\"elementor-element elementor-element-65e73fa animated-slow elementor-invisible elementor-widget elementor-widget-elementskit-heading\" data-id=\"65e73fa\" data-element_type=\"widget\" data-settings=\"{&quot;_animation&quot;:&quot;fadeIn&quot;}\" data-widget_type=\"elementskit-heading.default\">\n\t\t\t\t<div class=\"elementor-widget-container\">\n\t\t\t\t\t<div class=\"ekit-wid-con\" ><div class=\"ekit-heading elementskit-section-title-wraper text_center   ekit_heading_tablet-   ekit_heading_mobile-text_center\"><h1 class=\"ekit-heading--title elementskit-section-title\">Liste des  <span><span>jeux <\/span><\/span> par zones<\/h1><\/div><\/div>\t\t\t\t<\/div>\n\t\t\t\t<\/div>\n\t\t<div class=\"elementor-element elementor-element-41c99a6 e-flex e-con-boxed e-con e-child\" data-id=\"41c99a6\" data-element_type=\"container\" data-settings=\"{&quot;background_background&quot;:&quot;classic&quot;}\">\n\t\t\t\t\t<div class=\"e-con-inner\">\n\t\t<div class=\"elementor-element elementor-element-040450b e-con-full e-flex e-con e-child\" data-id=\"040450b\" data-element_type=\"container\" data-settings=\"{&quot;background_background&quot;:&quot;classic&quot;}\">\n\t\t<div class=\"elementor-element elementor-element-80037cc e-con-full e-flex e-con e-child\" data-id=\"80037cc\" data-element_type=\"container\">\n\t\t\t\t<div class=\"elementor-element elementor-element-343a076 animated-slow elementor-invisible elementor-widget elementor-widget-elementskit-heading\" data-id=\"343a076\" data-element_type=\"widget\" data-settings=\"{&quot;_animation&quot;:&quot;fadeIn&quot;}\" data-widget_type=\"elementskit-heading.default\">\n\t\t\t\t<div class=\"elementor-widget-container\">\n\t\t\t\t\t<div class=\"ekit-wid-con\" ><div class=\"ekit-heading elementskit-section-title-wraper text_left   ekit_heading_tablet-   ekit_heading_mobile-text_left\"><h1 class=\"ekit-heading--title elementskit-section-title\">Zone <span><span> des tout-petits <\/span><\/span><\/h1><\/div><\/div>\t\t\t\t<\/div>\n\t\t\t\t<\/div>\n\t\t\t\t<div class=\"elementor-element elementor-element-d5050ac elementor-widget__width-initial elementor-widget elementor-widget-text-editor\" data-id=\"d5050ac\" data-element_type=\"widget\" data-widget_type=\"text-editor.default\">\n\t\t\t\t<div class=\"elementor-widget-container\">\n\t\t\t\t\t\t\t\t\t<p>Un espace doux et s\u00e9curis\u00e9 pour les 0\u20135 ans, o\u00f9 rires, jeux et d\u00e9couvertes se m\u00ealent \u00e0 l\u2019\u00e9veil moteur et social. Jusqu\u2019\u00e0 30 enfants peuvent s\u2019amuser ensemble dans un univers con\u00e7u \u00e0 leur mesure.<br \/>Petits bonheurs garantis !<\/p>\t\t\t\t\t\t\t\t<\/div>\n\t\t\t\t<\/div>\n\t\t\t\t<\/div>\n\t\t<div class=\"elementor-element elementor-element-b091d92 e-con-full elementor-hidden-mobile e-flex e-con e-child\" data-id=\"b091d92\" data-element_type=\"container\">\n\t\t\t\t<div class=\"elementor-element elementor-element-7b433a7 elementor-widget elementor-widget-image\" data-id=\"7b433a7\" data-element_type=\"widget\" data-widget_type=\"image.default\">\n\t\t\t\t<div class=\"elementor-widget-container\">\n\t\t\t\t\t\t\t\t\t\t\t\t\t\t\t<img loading=\"lazy\" decoding=\"async\" width=\"2560\" height=\"1707\" src=\"https:\/\/funville.wpdeveloper.pk\/wp-content\/uploads\/2025\/05\/cute-kindergarten-children-placing-flags-on-world-2024-10-16-12-11-48-utc-scaled.jpg\" class=\"attachment-full size-full wp-image-849\" alt=\"\" srcset=\"https:\/\/funville.wpdeveloper.pk\/wp-content\/uploads\/2025\/05\/cute-kindergarten-children-placing-flags-on-world-2024-10-16-12-11-48-utc-scaled.jpg 2560w, https:\/\/funville.wpdeveloper.pk\/wp-content\/uploads\/2025\/05\/cute-kindergarten-children-placing-flags-on-world-2024-10-16-12-11-48-utc-300x200.jpg 300w, https:\/\/funville.wpdeveloper.pk\/wp-content\/uploads\/2025\/05\/cute-kindergarten-children-placing-flags-on-world-2024-10-16-12-11-48-utc-1024x683.jpg 1024w, https:\/\/funville.wpdeveloper.pk\/wp-content\/uploads\/2025\/05\/cute-kindergarten-children-placing-flags-on-world-2024-10-16-12-11-48-utc-768x512.jpg 768w, https:\/\/funville.wpdeveloper.pk\/wp-content\/uploads\/2025\/05\/cute-kindergarten-children-placing-flags-on-world-2024-10-16-12-11-48-utc-1536x1024.jpg 1536w, https:\/\/funville.wpdeveloper.pk\/wp-content\/uploads\/2025\/05\/cute-kindergarten-children-placing-flags-on-world-2024-10-16-12-11-48-utc-2048x1365.jpg 2048w, https:\/\/funville.wpdeveloper.pk\/wp-content\/uploads\/2025\/05\/cute-kindergarten-children-placing-flags-on-world-2024-10-16-12-11-48-utc-18x12.jpg 18w\" sizes=\"(max-width: 2560px) 100vw, 2560px\" \/>\t\t\t\t\t\t\t\t\t\t\t\t\t\t\t<\/div>\n\t\t\t\t<\/div>\n\t\t\t\t<\/div>\n\t\t\t\t<div class=\"elementor-element elementor-element-6d08494 elementor-absolute elementor-widget elementor-widget-image\" data-id=\"6d08494\" data-element_type=\"widget\" data-settings=\"{&quot;_position&quot;:&quot;absolute&quot;,&quot;motion_fx_motion_fx_mouse&quot;:&quot;yes&quot;,&quot;motion_fx_mouseTrack_effect&quot;:&quot;yes&quot;,&quot;motion_fx_mouseTrack_speed&quot;:{&quot;unit&quot;:&quot;px&quot;,&quot;size&quot;:0.5,&quot;sizes&quot;:[]}}\" data-widget_type=\"image.default\">\n\t\t\t\t<div class=\"elementor-widget-container\">\n\t\t\t\t\t\t\t\t\t\t\t\t\t\t\t<img loading=\"lazy\" decoding=\"async\" width=\"612\" height=\"408\" src=\"https:\/\/funville.wpdeveloper.pk\/wp-content\/uploads\/2025\/05\/E118PABS-removebg-preview.png\" class=\"attachment-large size-large wp-image-1009\" alt=\"\" srcset=\"https:\/\/funville.wpdeveloper.pk\/wp-content\/uploads\/2025\/05\/E118PABS-removebg-preview.png 612w, https:\/\/funville.wpdeveloper.pk\/wp-content\/uploads\/2025\/05\/E118PABS-removebg-preview-300x200.png 300w, https:\/\/funville.wpdeveloper.pk\/wp-content\/uploads\/2025\/05\/E118PABS-removebg-preview-18x12.png 18w\" sizes=\"(max-width: 612px) 100vw, 612px\" \/>\t\t\t\t\t\t\t\t\t\t\t\t\t\t\t<\/div>\n\t\t\t\t<\/div>\n\t\t\t\t<\/div>\n\t\t<div class=\"elementor-element elementor-element-636620e e-con-full e-flex e-con e-child\" data-id=\"636620e\" data-element_type=\"container\" data-settings=\"{&quot;background_background&quot;:&quot;classic&quot;}\">\n\t\t<div class=\"elementor-element elementor-element-c0e01f9 e-con-full e-flex e-con e-child\" data-id=\"c0e01f9\" data-element_type=\"container\">\n\t\t\t\t<div class=\"elementor-element elementor-element-6c9d259 animated-slow elementor-invisible elementor-widget elementor-widget-elementskit-heading\" data-id=\"6c9d259\" data-element_type=\"widget\" data-settings=\"{&quot;_animation&quot;:&quot;fadeIn&quot;}\" data-widget_type=\"elementskit-heading.default\">\n\t\t\t\t<div class=\"elementor-widget-container\">\n\t\t\t\t\t<div class=\"ekit-wid-con\" ><div class=\"ekit-heading elementskit-section-title-wraper text_left   ekit_heading_tablet-   ekit_heading_mobile-text_left\"><h1 class=\"ekit-heading--title elementskit-section-title\">Zone Ninja \u2013   <span><span> L\u2019\u00e9cole des ninjas<\/span><\/span><\/h1><\/div><\/div>\t\t\t\t<\/div>\n\t\t\t\t<\/div>\n\t\t\t\t<div class=\"elementor-element elementor-element-36173b3 elementor-widget__width-initial elementor-widget elementor-widget-text-editor\" data-id=\"36173b3\" data-element_type=\"widget\" data-widget_type=\"text-editor.default\">\n\t\t\t\t<div class=\"elementor-widget-container\">\n\t\t\t\t\t\t\t\t\t<p>Un parcours d\u2019obstacles palpitant pour les aventuriers de tous \u00e2ges ! Agilit\u00e9, vitesse et courage sont au rendez-vous dans cette ar\u00e8ne fun et stimulante.<\/p>\t\t\t\t\t\t\t\t<\/div>\n\t\t\t\t<\/div>\n\t\t\t\t<\/div>\n\t\t<div class=\"elementor-element elementor-element-d3d0936 e-con-full elementor-hidden-mobile e-flex e-con e-child\" data-id=\"d3d0936\" data-element_type=\"container\">\n\t\t\t\t<div class=\"elementor-element elementor-element-fee696f elementor-widget elementor-widget-image\" data-id=\"fee696f\" data-element_type=\"widget\" data-widget_type=\"image.default\">\n\t\t\t\t<div class=\"elementor-widget-container\">\n\t\t\t\t\t\t\t\t\t\t\t\t\t\t\t<img loading=\"lazy\" decoding=\"async\" width=\"2560\" height=\"1707\" src=\"https:\/\/funville.wpdeveloper.pk\/wp-content\/uploads\/2025\/05\/friends-enjoying-while-wearing-superhero-costume-a-2025-04-03-08-07-25-utc-scaled.jpg\" class=\"attachment-full size-full wp-image-906\" alt=\"\" srcset=\"https:\/\/funville.wpdeveloper.pk\/wp-content\/uploads\/2025\/05\/friends-enjoying-while-wearing-superhero-costume-a-2025-04-03-08-07-25-utc-scaled.jpg 2560w, https:\/\/funville.wpdeveloper.pk\/wp-content\/uploads\/2025\/05\/friends-enjoying-while-wearing-superhero-costume-a-2025-04-03-08-07-25-utc-300x200.jpg 300w, https:\/\/funville.wpdeveloper.pk\/wp-content\/uploads\/2025\/05\/friends-enjoying-while-wearing-superhero-costume-a-2025-04-03-08-07-25-utc-1024x683.jpg 1024w, https:\/\/funville.wpdeveloper.pk\/wp-content\/uploads\/2025\/05\/friends-enjoying-while-wearing-superhero-costume-a-2025-04-03-08-07-25-utc-768x512.jpg 768w, https:\/\/funville.wpdeveloper.pk\/wp-content\/uploads\/2025\/05\/friends-enjoying-while-wearing-superhero-costume-a-2025-04-03-08-07-25-utc-1536x1024.jpg 1536w, https:\/\/funville.wpdeveloper.pk\/wp-content\/uploads\/2025\/05\/friends-enjoying-while-wearing-superhero-costume-a-2025-04-03-08-07-25-utc-2048x1365.jpg 2048w, https:\/\/funville.wpdeveloper.pk\/wp-content\/uploads\/2025\/05\/friends-enjoying-while-wearing-superhero-costume-a-2025-04-03-08-07-25-utc-18x12.jpg 18w\" sizes=\"(max-width: 2560px) 100vw, 2560px\" \/>\t\t\t\t\t\t\t\t\t\t\t\t\t\t\t<\/div>\n\t\t\t\t<\/div>\n\t\t\t\t<\/div>\n\t\t\t\t<\/div>\n\t\t<div class=\"elementor-element elementor-element-f7a913b e-con-full e-flex e-con e-child\" data-id=\"f7a913b\" data-element_type=\"container\" data-settings=\"{&quot;background_background&quot;:&quot;classic&quot;}\">\n\t\t<div class=\"elementor-element elementor-element-1ba7622 e-con-full e-flex e-con e-child\" data-id=\"1ba7622\" data-element_type=\"container\">\n\t\t\t\t<div class=\"elementor-element elementor-element-9d39ace animated-slow elementor-invisible elementor-widget elementor-widget-elementskit-heading\" data-id=\"9d39ace\" data-element_type=\"widget\" data-settings=\"{&quot;_animation&quot;:&quot;fadeIn&quot;}\" data-widget_type=\"elementskit-heading.default\">\n\t\t\t\t<div class=\"elementor-widget-container\">\n\t\t\t\t\t<div class=\"ekit-wid-con\" ><div class=\"ekit-heading elementskit-section-title-wraper text_left   ekit_heading_tablet-   ekit_heading_mobile-text_left\"><h1 class=\"ekit-heading--title elementskit-section-title\">Les <span><span>Poneys <\/span><\/span><\/h1><\/div><\/div>\t\t\t\t<\/div>\n\t\t\t\t<\/div>\n\t\t\t\t<div class=\"elementor-element elementor-element-2b77db5 elementor-widget__width-initial elementor-widget elementor-widget-text-editor\" data-id=\"2b77db5\" data-element_type=\"widget\" data-widget_type=\"text-editor.default\">\n\t\t\t\t<div class=\"elementor-widget-container\">\n\t\t\t\t\t\t\t\t\t<p>Une activit\u00e9 ludique et originale o\u00f9 les enfants peuvent s\u2019amuser avec nos adorables poneys \u00e9clectiques.<br \/>Une touche magique au c\u0153ur de FunVille<\/p>\t\t\t\t\t\t\t\t<\/div>\n\t\t\t\t<\/div>\n\t\t\t\t<\/div>\n\t\t<div class=\"elementor-element elementor-element-54f67ef e-con-full elementor-hidden-mobile e-flex e-con e-child\" data-id=\"54f67ef\" data-element_type=\"container\">\n\t\t\t\t<div class=\"elementor-element elementor-element-cdade73 elementor-widget elementor-widget-image\" data-id=\"cdade73\" data-element_type=\"widget\" data-widget_type=\"image.default\">\n\t\t\t\t<div class=\"elementor-widget-container\">\n\t\t\t\t\t\t\t\t\t\t\t\t\t\t\t<img loading=\"lazy\" decoding=\"async\" width=\"800\" height=\"532\" src=\"https:\/\/funville.wpdeveloper.pk\/wp-content\/uploads\/2025\/05\/two-sisters-rides-an-elephant-carousel-in-fun-chil-2025-02-11-01-32-49-utc-1024x681.jpg\" class=\"attachment-large size-large wp-image-913\" alt=\"\" srcset=\"https:\/\/funville.wpdeveloper.pk\/wp-content\/uploads\/2025\/05\/two-sisters-rides-an-elephant-carousel-in-fun-chil-2025-02-11-01-32-49-utc-1024x681.jpg 1024w, https:\/\/funville.wpdeveloper.pk\/wp-content\/uploads\/2025\/05\/two-sisters-rides-an-elephant-carousel-in-fun-chil-2025-02-11-01-32-49-utc-300x200.jpg 300w, https:\/\/funville.wpdeveloper.pk\/wp-content\/uploads\/2025\/05\/two-sisters-rides-an-elephant-carousel-in-fun-chil-2025-02-11-01-32-49-utc-768x511.jpg 768w, https:\/\/funville.wpdeveloper.pk\/wp-content\/uploads\/2025\/05\/two-sisters-rides-an-elephant-carousel-in-fun-chil-2025-02-11-01-32-49-utc-1536x1022.jpg 1536w, https:\/\/funville.wpdeveloper.pk\/wp-content\/uploads\/2025\/05\/two-sisters-rides-an-elephant-carousel-in-fun-chil-2025-02-11-01-32-49-utc-2048x1363.jpg 2048w, https:\/\/funville.wpdeveloper.pk\/wp-content\/uploads\/2025\/05\/two-sisters-rides-an-elephant-carousel-in-fun-chil-2025-02-11-01-32-49-utc-18x12.jpg 18w\" sizes=\"(max-width: 800px) 100vw, 800px\" \/>\t\t\t\t\t\t\t\t\t\t\t\t\t\t\t<\/div>\n\t\t\t\t<\/div>\n\t\t\t\t<\/div>\n\t\t\t\t<\/div>\n\t\t\t\t\t<\/div>\n\t\t\t\t<\/div>\n\t\t\t\t\t<\/div>\n\t\t\t\t<\/div>\n\t\t\t\t<\/div>","protected":false},"excerpt":{"rendered":"<p>FunVille l\u2019amusement \u00e0 l\u2019\u00e9tat pur ! Jeux, rires, gourmandises \u2014 chaque coin est une aventure. Bien plus qu\u2019un centre, c\u2019est un monde magique o\u00f9 les enfants s\u2019\u00e9clatent et les sourires fusent. D\u00e9couvrez nos prix Liste des jeux par zones Zone des tout-petits Un espace doux et s\u00e9curis\u00e9 pour les 0\u20135 ans, o\u00f9 rires, jeux et [&hellip;]<\/p>","protected":false},"author":1,"featured_media":0,"parent":0,"menu_order":0,"comment_status":"closed","ping_status":"closed","template":"elementor_header_footer","meta":{"footnotes":""},"class_list":["post-388","page","type-page","status-publish","hentry"],"_links":{"self":[{"href":"https:\/\/funville.wpdeveloper.pk\/fr\/wp-json\/wp\/v2\/pages\/388","targetHints":{"allow":["GET"]}}],"collection":[{"href":"https:\/\/funville.wpdeveloper.pk\/fr\/wp-json\/wp\/v2\/pages"}],"about":[{"href":"https:\/\/funville.wpdeveloper.pk\/fr\/wp-json\/wp\/v2\/types\/page"}],"author":[{"embeddable":true,"href":"https:\/\/funville.wpdeveloper.pk\/fr\/wp-json\/wp\/v2\/users\/1"}],"replies":[{"embeddable":true,"href":"https:\/\/funville.wpdeveloper.pk\/fr\/wp-json\/wp\/v2\/comments?post=388"}],"version-history":[{"count":29,"href":"https:\/\/funville.wpdeveloper.pk\/fr\/wp-json\/wp\/v2\/pages\/388\/revisions"}],"predecessor-version":[{"id":1613,"href":"https:\/\/funville.wpdeveloper.pk\/fr\/wp-json\/wp\/v2\/pages\/388\/revisions\/1613"}],"wp:attachment":[{"href":"https:\/\/funville.wpdeveloper.pk\/fr\/wp-json\/wp\/v2\/media?parent=388"}],"curies":[{"name":"wp","href":"https:\/\/api.w.org\/{rel}","templated":true}]}}